{"id":860,"date":"2024-08-26T02:29:06","date_gmt":"2024-08-26T02:29:06","guid":{"rendered":"https:\/\/cetprofeyalegria61.edu.pe\/?page_id=860"},"modified":"2025-08-26T14:02:23","modified_gmt":"2025-08-26T14:02:23","slug":"https-cetprofeyalegria61-edu-pe","status":"publish","type":"page","link":"https:\/\/cetprofeyalegria61.edu.pe\/index.php\/https-cetprofeyalegria61-edu-pe\/","title":{"rendered":"Pastoral"},"content":{"rendered":"\t\t<div data-elementor-type=\"wp-page\" data-elementor-id=\"860\" class=\"elementor elementor-860\">\n\t\t\t\t\t\t\t\t\t<section class=\"elementor-section elementor-top-section elementor-element elementor-element-8c1871a elementor-section-content-middle elementor-section-height-full elementor-section-boxed elementor-section-height-default elementor-section-items-middle\" data-id=\"8c1871a\" data-element_type=\"section\" data-settings=\"{&quot;background_background&quot;:&quot;classic&quot;}\">\n\t\t\t\t\t\t<div class=\"elementor-container elementor-column-gap-no\">\n\t\t\t\t\t<div class=\"elementor-column elementor-col-100 elementor-top-column elementor-element elementor-element-e022b04\" data-id=\"e022b04\" data-element_type=\"column\">\n\t\t\t<div class=\"elementor-widget-wrap\">\n\t\t\t\t\t\t\t\t\t<\/div>\n\t\t<\/div>\n\t\t\t\t\t\t\t<\/div>\n\t\t<\/section>\n\t\t\t\t<section class=\"elementor-section elementor-top-section elementor-element elementor-element-67a026c elementor-section-boxed elementor-section-height-default elementor-section-height-default\" data-id=\"67a026c\" data-element_type=\"section\">\n\t\t\t\t\t\t<div class=\"elementor-container elementor-column-gap-default\">\n\t\t\t\t\t<div class=\"elementor-column elementor-col-100 elementor-top-column elementor-element elementor-element-20f38b2\" data-id=\"20f38b2\" data-element_type=\"column\">\n\t\t\t<div class=\"elementor-widget-wrap elementor-element-populated\">\n\t\t\t\t\t\t\t\t<div class=\"elementor-element elementor-element-6b65014 elementor-widget elementor-widget-heading\" data-id=\"6b65014\" data-element_type=\"widget\" data-widget_type=\"heading.default\">\n\t\t\t\t<div class=\"elementor-widget-container\">\n\t\t\t<style>\/*! elementor - v3.18.0 - 08-12-2023 *\/\n.elementor-heading-title{padding:0;margin:0;line-height:1}.elementor-widget-heading .elementor-heading-title[class*=elementor-size-]>a{color:inherit;font-size:inherit;line-height:inherit}.elementor-widget-heading .elementor-heading-title.elementor-size-small{font-size:15px}.elementor-widget-heading .elementor-heading-title.elementor-size-medium{font-size:19px}.elementor-widget-heading .elementor-heading-title.elementor-size-large{font-size:29px}.elementor-widget-heading .elementor-heading-title.elementor-size-xl{font-size:39px}.elementor-widget-heading .elementor-heading-title.elementor-size-xxl{font-size:59px}<\/style><h2 class=\"elementor-heading-title elementor-size-xxl\">PASTORAL<\/h2>\t\t<\/div>\n\t\t\t\t<\/div>\n\t\t\t\t\t<\/div>\n\t\t<\/div>\n\t\t\t\t\t\t\t<\/div>\n\t\t<\/section>\n\t\t\t\t<section class=\"elementor-section elementor-top-section elementor-element elementor-element-a9d87f0 elementor-section-boxed elementor-section-height-default elementor-section-height-default\" data-id=\"a9d87f0\" data-element_type=\"section\" data-settings=\"{&quot;background_background&quot;:&quot;classic&quot;}\">\n\t\t\t\t\t\t<div class=\"elementor-container elementor-column-gap-default\">\n\t\t\t\t\t<div class=\"elementor-column elementor-col-25 elementor-top-column elementor-element elementor-element-bcae0e2\" data-id=\"bcae0e2\" data-element_type=\"column\">\n\t\t\t<div class=\"elementor-widget-wrap elementor-element-populated\">\n\t\t\t\t\t\t\t\t<div class=\"elementor-element elementor-element-1453ce5 elementor-widget elementor-widget-heading\" data-id=\"1453ce5\" data-element_type=\"widget\" data-widget_type=\"heading.default\">\n\t\t\t\t<div class=\"elementor-widget-container\">\n\t\t\t<h2 class=\"elementor-heading-title elementor-size-default\">\u00bfQUI\u00c9NES SOMOS?<\/h2>\t\t<\/div>\n\t\t\t\t<\/div>\n\t\t\t\t<div class=\"elementor-element elementor-element-b2741f9 elementor-widget elementor-widget-text-editor\" data-id=\"b2741f9\" data-element_type=\"widget\" data-widget_type=\"text-editor.default\">\n\t\t\t\t<div class=\"elementor-widget-container\">\n\t\t\t<style>\/*! elementor - v3.18.0 - 08-12-2023 *\/\n.elementor-widget-text-editor.elementor-drop-cap-view-stacked .elementor-drop-cap{background-color:#69727d;color:#fff}.elementor-widget-text-editor.elementor-drop-cap-view-framed .elementor-drop-cap{color:#69727d;border:3px solid;background-color:transparent}.elementor-widget-text-editor:not(.elementor-drop-cap-view-default) .elementor-drop-cap{margin-top:8px}.elementor-widget-text-editor:not(.elementor-drop-cap-view-default) .elementor-drop-cap-letter{width:1em;height:1em}.elementor-widget-text-editor .elementor-drop-cap{float:left;text-align:center;line-height:1;font-size:50px}.elementor-widget-text-editor .elementor-drop-cap-letter{display:inline-block}<\/style>\t\t\t\t<p><span style=\"color: #ffffff;\"><strong><span style=\"font-family: arial, helvetica, sans-serif; font-size: 10pt;\">Somos una Instituci\u00f3n que brinda formaci\u00f3n integral en especialidades a personas vulnerables con habilidades emprendedoras, ofreciendo una educaci\u00f3n de calidad y en valores.<\/span><\/strong><\/span><\/p>\t\t\t\t\t\t<\/div>\n\t\t\t\t<\/div>\n\t\t\t\t\t<\/div>\n\t\t<\/div>\n\t\t\t\t<div class=\"elementor-column elementor-col-25 elementor-top-column elementor-element elementor-element-27c0113\" data-id=\"27c0113\" data-element_type=\"column\">\n\t\t\t<div class=\"elementor-widget-wrap elementor-element-populated\">\n\t\t\t\t\t\t\t\t<div class=\"elementor-element elementor-element-a12070a elementor-widget__width-initial elementor-widget elementor-widget-heading\" data-id=\"a12070a\" data-element_type=\"widget\" data-widget_type=\"heading.default\">\n\t\t\t\t<div class=\"elementor-widget-container\">\n\t\t\t<h2 class=\"elementor-heading-title elementor-size-default\">SEDE INSTITUCIONAL<\/h2>\t\t<\/div>\n\t\t\t\t<\/div>\n\t\t\t\t<div class=\"elementor-element elementor-element-ab285af elementor-widget elementor-widget-text-editor\" data-id=\"ab285af\" data-element_type=\"widget\" data-widget_type=\"text-editor.default\">\n\t\t\t\t<div class=\"elementor-widget-container\">\n\t\t\t\t\t\t\t<p><strong><span style=\"color: #ffffff; font-family: arial, helvetica, sans-serif; font-size: 10pt;\">CETPRO FE Y ALEGRIA N\u00ba 61-SANTA MAR\u00cdA RAFAELA<\/span><\/strong><br><strong><span style=\"color: #ffffff; font-family: arial, helvetica, sans-serif; font-size: 10pt;\">Av. Revoluci\u00f3n sector 3 grupo 15 \/ V.E.S. <\/span><\/strong><span style=\"font-weight: bold;\"><span style=\"color: #ffffff; font-family: arial, helvetica, sans-serif; font-size: 10pt;\">https:\/\/cetprofeyalegria61.edu.pe<\/span><\/span><br><span style=\"color: #ffffff; font-family: arial, helvetica, sans-serif;\"><span style=\"font-size: 13.3333px;\"><b>Tel\u00e9fono: 932316680<\/b><\/span><\/span><\/p>\t\t\t\t\t\t<\/div>\n\t\t\t\t<\/div>\n\t\t\t\t\t<\/div>\n\t\t<\/div>\n\t\t\t\t<div class=\"elementor-column elementor-col-25 elementor-top-column elementor-element elementor-element-4cfb296\" data-id=\"4cfb296\" data-element_type=\"column\">\n\t\t\t<div class=\"elementor-widget-wrap elementor-element-populated\">\n\t\t\t\t\t\t\t\t<div class=\"elementor-element elementor-element-bbcc3ab elementor-widget__width-initial elementor-widget elementor-widget-heading\" data-id=\"bbcc3ab\" data-element_type=\"widget\" data-widget_type=\"heading.default\">\n\t\t\t\t<div class=\"elementor-widget-container\">\n\t\t\t<h2 class=\"elementor-heading-title elementor-size-default\">CONT\u00c1CTENOS<\/h2>\t\t<\/div>\n\t\t\t\t<\/div>\n\t\t\t\t<div class=\"elementor-element elementor-element-3185630 elementor-widget elementor-widget-text-editor\" data-id=\"3185630\" data-element_type=\"widget\" data-widget_type=\"text-editor.default\">\n\t\t\t\t<div class=\"elementor-widget-container\">\n\t\t\t\t\t\t\t<p><span style=\"color: #ffffff;\"><strong><span style=\"font-family: arial, helvetica, sans-serif; font-size: 10pt;\">TORRES TORRES ROSAURA AURORA<\/span><\/strong><\/span><br \/><span style=\"color: #ffffff;\"><strong><span style=\"font-family: arial, helvetica, sans-serif; font-size: 10pt;\">Correo: rtorres@cetprofeyalegria61.edu.pe<\/span><\/strong><\/span><br \/><span style=\"color: #ffffff;\"><strong><span style=\"font-family: arial, helvetica, sans-serif; font-size: 10pt;\">Tel\u00e9fono: 994454392<\/span><\/strong><\/span><\/p>\t\t\t\t\t\t<\/div>\n\t\t\t\t<\/div>\n\t\t\t\t\t<\/div>\n\t\t<\/div>\n\t\t\t\t<div class=\"elementor-column elementor-col-25 elementor-top-column elementor-element elementor-element-ec8527f\" data-id=\"ec8527f\" data-element_type=\"column\">\n\t\t\t<div class=\"elementor-widget-wrap elementor-element-populated\">\n\t\t\t\t\t\t\t\t<div class=\"elementor-element elementor-element-f83ad7d elementor-widget elementor-widget-image\" data-id=\"f83ad7d\" data-element_type=\"widget\" data-widget_type=\"image.default\">\n\t\t\t\t<div class=\"elementor-widget-container\">\n\t\t\t<style>\/*! elementor - v3.18.0 - 08-12-2023 *\/\n.elementor-widget-image{text-align:center}.elementor-widget-image a{display:inline-block}.elementor-widget-image a img[src$=\".svg\"]{width:48px}.elementor-widget-image img{vertical-align:middle;display:inline-block}<\/style>\t\t\t\t\t\t\t\t\t\t\t\t<img decoding=\"async\" width=\"148\" height=\"172\" src=\"https:\/\/cetprofeyalegria61.edu.pe\/wp-content\/uploads\/2022\/01\/geg.png\" class=\"attachment-large size-large wp-image-70\" alt=\"\" \/>\t\t\t\t\t\t\t\t\t\t\t\t\t\t\t<\/div>\n\t\t\t\t<\/div>\n\t\t\t\t\t<\/div>\n\t\t<\/div>\n\t\t\t\t\t\t\t<\/div>\n\t\t<\/section>\n\t\t\t\t\t\t\t<\/div>\n\t\t","protected":false},"excerpt":{"rendered":"<p>PASTORAL \u00bfQUI\u00c9NES SOMOS? Somos una Instituci\u00f3n que brinda formaci\u00f3n integral en especialidades a personas vulnerables con habilidades emprendedoras, ofreciendo una educaci\u00f3n de calidad y en valores. SEDE INSTITUCIONAL CETPRO FE Y ALEGRIA N\u00ba 61-SANTA MAR\u00cdA RAFAELAAv. Revoluci\u00f3n sector 3 grupo 15 \/ V.E.S. https:\/\/cetprofeyalegria61.edu.peTel\u00e9fono: 932316680 CONT\u00c1CTENOS TORRES TORRES ROSAURA AURORACorreo: rtorres@cetprofeyalegria61.edu.peTel\u00e9fono: 994454392<\/p>\n","protected":false},"author":1,"featured_media":0,"parent":0,"menu_order":0,"comment_status":"closed","ping_status":"closed","template":"","meta":{"site-sidebar-layout":"no-sidebar","site-content-layout":"page-builder","ast-main-header-display":"","ast-hfb-above-header-display":"","ast-hfb-below-header-display":"","ast-hfb-mobile-header-display":"","site-post-title":"disabled","ast-breadcrumbs-content":"","ast-featured-img":"disabled","footer-sml-layout":"","theme-transparent-header-meta":"","adv-header-id-meta":"","stick-header-meta":"","header-above-stick-meta":"","header-main-stick-meta":"","header-below-stick-meta":"","footnotes":""},"class_list":["post-860","page","type-page","status-publish","hentry"],"_links":{"self":[{"href":"https:\/\/cetprofeyalegria61.edu.pe\/index.php\/wp-json\/wp\/v2\/pages\/860","targetHints":{"allow":["GET"]}}],"collection":[{"href":"https:\/\/cetprofeyalegria61.edu.pe\/index.php\/wp-json\/wp\/v2\/pages"}],"about":[{"href":"https:\/\/cetprofeyalegria61.edu.pe\/index.php\/wp-json\/wp\/v2\/types\/page"}],"author":[{"embeddable":true,"href":"https:\/\/cetprofeyalegria61.edu.pe\/index.php\/wp-json\/wp\/v2\/users\/1"}],"replies":[{"embeddable":true,"href":"https:\/\/cetprofeyalegria61.edu.pe\/index.php\/wp-json\/wp\/v2\/comments?post=860"}],"version-history":[{"count":14,"href":"https:\/\/cetprofeyalegria61.edu.pe\/index.php\/wp-json\/wp\/v2\/pages\/860\/revisions"}],"predecessor-version":[{"id":968,"href":"https:\/\/cetprofeyalegria61.edu.pe\/index.php\/wp-json\/wp\/v2\/pages\/860\/revisions\/968"}],"wp:attachment":[{"href":"https:\/\/cetprofeyalegria61.edu.pe\/index.php\/wp-json\/wp\/v2\/media?parent=860"}],"curies":[{"name":"wp","href":"https:\/\/api.w.org\/{rel}","templated":true}]}}