{"id":179,"date":"2023-02-13T21:53:45","date_gmt":"2023-02-13T21:53:45","guid":{"rendered":"https:\/\/cetprofeyalegria61.edu.pe\/?page_id=179"},"modified":"2024-08-19T06:22:32","modified_gmt":"2024-08-19T06:22:32","slug":"historia","status":"publish","type":"page","link":"https:\/\/cetprofeyalegria61.edu.pe\/index.php\/historia\/","title":{"rendered":"Historia"},"content":{"rendered":"\t\t<div data-elementor-type=\"wp-page\" data-elementor-id=\"179\" class=\"elementor elementor-179\">\n\t\t\t\t\t\t\t\t\t<section class=\"elementor-section elementor-top-section elementor-element elementor-element-6a9404b elementor-section-boxed elementor-section-height-default elementor-section-height-default\" data-id=\"6a9404b\" data-element_type=\"section\">\n\t\t\t\t\t\t<div class=\"elementor-container elementor-column-gap-default\">\n\t\t\t\t\t<div class=\"elementor-column elementor-col-100 elementor-top-column elementor-element elementor-element-9d63659\" data-id=\"9d63659\" data-element_type=\"column\">\n\t\t\t<div class=\"elementor-widget-wrap elementor-element-populated\">\n\t\t\t\t\t\t\t\t<div class=\"elementor-element elementor-element-281629c elementor-widget elementor-widget-image\" data-id=\"281629c\" data-element_type=\"widget\" data-widget_type=\"image.default\">\n\t\t\t\t<div class=\"elementor-widget-container\">\n\t\t\t<style>\/*! elementor - v3.18.0 - 08-12-2023 *\/\n.elementor-widget-image{text-align:center}.elementor-widget-image a{display:inline-block}.elementor-widget-image a img[src$=\".svg\"]{width:48px}.elementor-widget-image img{vertical-align:middle;display:inline-block}<\/style>\t\t\t\t\t\t\t\t\t<figure class=\"wp-caption\">\n\t\t\t\t\t\t\t\t\t\t<img decoding=\"async\" src=\"https:\/\/cetprofeyalegria61.edu.pe\/wp-content\/uploads\/2024\/08\/Portada.jpg\" title=\"Programa de Estudio\" alt=\"Programa de Estudio\" loading=\"lazy\" \/>\t\t\t\t\t\t\t\t\t\t\t<figcaption class=\"widget-image-caption wp-caption-text\"><\/figcaption>\n\t\t\t\t\t\t\t\t\t\t<\/figure>\n\t\t\t\t\t\t\t\t\t<\/div>\n\t\t\t\t<\/div>\n\t\t\t\t\t<\/div>\n\t\t<\/div>\n\t\t\t\t\t\t\t<\/div>\n\t\t<\/section>\n\t\t\t\t<section class=\"elementor-section elementor-top-section elementor-element elementor-element-71baac3 elementor-section-boxed elementor-section-height-default elementor-section-height-default\" data-id=\"71baac3\" data-element_type=\"section\">\n\t\t\t\t\t\t<div class=\"elementor-container elementor-column-gap-default\">\n\t\t\t\t\t<div class=\"elementor-column elementor-col-100 elementor-top-column elementor-element elementor-element-921cd01\" data-id=\"921cd01\" data-element_type=\"column\">\n\t\t\t<div class=\"elementor-widget-wrap elementor-element-populated\">\n\t\t\t\t\t\t\t\t<div class=\"elementor-element elementor-element-874954b elementor-widget elementor-widget-heading\" data-id=\"874954b\" data-element_type=\"widget\" data-widget_type=\"heading.default\">\n\t\t\t\t<div class=\"elementor-widget-container\">\n\t\t\t<style>\/*! elementor - v3.18.0 - 08-12-2023 *\/\n.elementor-heading-title{padding:0;margin:0;line-height:1}.elementor-widget-heading .elementor-heading-title[class*=elementor-size-]>a{color:inherit;font-size:inherit;line-height:inherit}.elementor-widget-heading .elementor-heading-title.elementor-size-small{font-size:15px}.elementor-widget-heading .elementor-heading-title.elementor-size-medium{font-size:19px}.elementor-widget-heading .elementor-heading-title.elementor-size-large{font-size:29px}.elementor-widget-heading .elementor-heading-title.elementor-size-xl{font-size:39px}.elementor-widget-heading .elementor-heading-title.elementor-size-xxl{font-size:59px}<\/style><h2 class=\"elementor-heading-title elementor-size-xxl\">NUESTRA HISTORIA<\/h2>\t\t<\/div>\n\t\t\t\t<\/div>\n\t\t\t\t\t<\/div>\n\t\t<\/div>\n\t\t\t\t\t\t\t<\/div>\n\t\t<\/section>\n\t\t\t\t<section class=\"elementor-section elementor-top-section elementor-element elementor-element-168cbc8 elementor-section-boxed elementor-section-height-default elementor-section-height-default\" data-id=\"168cbc8\" data-element_type=\"section\">\n\t\t\t\t\t\t<div class=\"elementor-container elementor-column-gap-default\">\n\t\t\t\t\t<div class=\"elementor-column elementor-col-50 elementor-top-column elementor-element elementor-element-3d2e147\" data-id=\"3d2e147\" data-element_type=\"column\">\n\t\t\t<div class=\"elementor-widget-wrap elementor-element-populated\">\n\t\t\t\t\t\t\t\t<div class=\"elementor-element elementor-element-078a194 elementor-widget elementor-widget-image\" data-id=\"078a194\" data-element_type=\"widget\" data-widget_type=\"image.default\">\n\t\t\t\t<div class=\"elementor-widget-container\">\n\t\t\t\t\t\t\t\t\t\t\t\t\t\t\t<img fetchpriority=\"high\" decoding=\"async\" width=\"402\" height=\"600\" src=\"https:\/\/cetprofeyalegria61.edu.pe\/wp-content\/uploads\/2023\/06\/Santa_Rafaela_izq-1.jpg\" class=\"attachment-large size-large wp-image-338\" alt=\"\" srcset=\"https:\/\/cetprofeyalegria61.edu.pe\/wp-content\/uploads\/2023\/06\/Santa_Rafaela_izq-1.jpg 402w, https:\/\/cetprofeyalegria61.edu.pe\/wp-content\/uploads\/2023\/06\/Santa_Rafaela_izq-1-201x300.jpg 201w\" sizes=\"(max-width: 402px) 100vw, 402px\" \/>\t\t\t\t\t\t\t\t\t\t\t\t\t\t\t<\/div>\n\t\t\t\t<\/div>\n\t\t\t\t\t<\/div>\n\t\t<\/div>\n\t\t\t\t<div class=\"elementor-column elementor-col-50 elementor-top-column elementor-element elementor-element-6714daf\" data-id=\"6714daf\" data-element_type=\"column\">\n\t\t\t<div class=\"elementor-widget-wrap elementor-element-populated\">\n\t\t\t\t\t\t\t\t<div class=\"elementor-element elementor-element-10e75a4 elementor-widget elementor-widget-text-editor\" data-id=\"10e75a4\" data-element_type=\"widget\" data-widget_type=\"text-editor.default\">\n\t\t\t\t<div class=\"elementor-widget-container\">\n\t\t\t<style>\/*! elementor - v3.18.0 - 08-12-2023 *\/\n.elementor-widget-text-editor.elementor-drop-cap-view-stacked .elementor-drop-cap{background-color:#69727d;color:#fff}.elementor-widget-text-editor.elementor-drop-cap-view-framed .elementor-drop-cap{color:#69727d;border:3px solid;background-color:transparent}.elementor-widget-text-editor:not(.elementor-drop-cap-view-default) .elementor-drop-cap{margin-top:8px}.elementor-widget-text-editor:not(.elementor-drop-cap-view-default) .elementor-drop-cap-letter{width:1em;height:1em}.elementor-widget-text-editor .elementor-drop-cap{float:left;text-align:center;line-height:1;font-size:50px}.elementor-widget-text-editor .elementor-drop-cap-letter{display:inline-block}<\/style>\t\t\t\t<p><span style=\"font-family: arial, helvetica, sans-serif; font-size: 12pt; color: #000000;\">Se inici\u00f3 la obra educativa en Lima, dirigido por la congregaci\u00f3n de religiosas \u00bb Esclavas del Sagrado Coraz\u00f3n de Jes\u00fas\u00bb. La obra educativa de las Religiosas Esclavas del Sagrado Coraz\u00f3n de Jes\u00fas, cuya fundadora es Santa Rafaela Mar\u00eda del Sagrado Coraz\u00f3n de Jes\u00fas, se inicia en Arequipa-Per\u00fa el a\u00f1o 1922, atendiendo primero un colegio gratuito para ni\u00f1as y luego la Normal \u00abRegina Mundi\u00bb y la Universidad \u00abSanta Mar\u00eda\u00bb. En el a\u00f1o 1961, a pedido del Ministerio de Educaci\u00f3n, las religiosas se hacen cargo del Instituto Superior pedag\u00f3gico \u00abNuestra Se\u00f1ora de Chota\u00bb.<\/span><br \/><span style=\"font-family: arial, helvetica, sans-serif; font-size: 12pt; color: #000000;\">En julio de 1977, se autoriza el funcionamiento del CENECAPE \u00abSANTA RAFAELA MAR\u00cdA\u00bb las j\u00f3venes que habiendo terminado secundaria no pueden acceder a estudios universitarios, tienen en el CENECAPE, la oportunidad de lograr con matr\u00edcula y pensi\u00f3n gratuita una capacitaci\u00f3n t\u00e9cnica en solo nueve meses, la misma que ser\u00e1 respaldada por un certificado oficial. <\/span><br \/><span style=\"font-family: arial, helvetica, sans-serif; font-size: 12pt; color: #000000;\">En el a\u00f1o 1992 se adecua el CENECAPE \u00abSanta Rafaela Mar\u00eda\u00bb a Centro de Educaci\u00f3n Ocupacional. En el a\u00f1o 2003, el CEO se traslada a Villa el Salvador pasando a formar parte del movimiento Fe y Alegr\u00eda constituy\u00e9ndose en el Centro N\u00b0 61 de dicha organizaci\u00f3n y ofreciendo las especialidades de Modister\u00eda B\u00e1sica, Actualizada y Perfeccionamiento, Patronaje Industrial, Operatividad de M\u00e1quinas de Coser, Dise\u00f1o de Modas, Cocina y Reposter\u00eda, Auxiliar de Enfermer\u00eda, hasta el a\u00f1o 2004 en que se ampli\u00f3 la oferta educativa con la especialidad de Computaci\u00f3n e Inform\u00e1tica.<\/span><\/p>\t\t\t\t\t\t<\/div>\n\t\t\t\t<\/div>\n\t\t\t\t\t<\/div>\n\t\t<\/div>\n\t\t\t\t\t\t\t<\/div>\n\t\t<\/section>\n\t\t\t\t<section class=\"elementor-section elementor-top-section elementor-element elementor-element-9cac6f8 elementor-section-full_width elementor-section-height-default elementor-section-height-default\" data-id=\"9cac6f8\" data-element_type=\"section\" data-settings=\"{&quot;background_background&quot;:&quot;gradient&quot;}\">\n\t\t\t\t\t\t\t<div class=\"elementor-background-overlay\"><\/div>\n\t\t\t\t\t\t\t<div class=\"elementor-container elementor-column-gap-wider\">\n\t\t\t\t\t<div class=\"elementor-column elementor-col-25 elementor-top-column elementor-element elementor-element-99d3ef6\" data-id=\"99d3ef6\" data-element_type=\"column\">\n\t\t\t<div class=\"elementor-widget-wrap elementor-element-populated\">\n\t\t\t\t\t\t\t\t<div class=\"elementor-element elementor-element-20ea9cf elementor-widget elementor-widget-text-editor\" data-id=\"20ea9cf\" data-element_type=\"widget\" data-widget_type=\"text-editor.default\">\n\t\t\t\t<div class=\"elementor-widget-container\">\n\t\t\t\t\t\t\t<p style=\"text-align: center;\"><span style=\"color: #ffff00; font-size: 12pt;\"><strong><span style=\"font-family: arial, helvetica, sans-serif;\">\u00bfQUI\u00c9NES SOMOS?<\/span><\/strong><\/span><\/p><p><span style=\"color: #ffffff;\"><strong><span style=\"font-family: arial, helvetica, sans-serif; font-size: 10pt;\">Somos una Instituci\u00f3n que brinda formaci\u00f3n integral en especialidades a personas vulnerables con habilidades emprendedoras, ofreciendo una educaci\u00f3n de calidad y en valores.<\/span><\/strong><\/span><\/p>\t\t\t\t\t\t<\/div>\n\t\t\t\t<\/div>\n\t\t\t\t\t<\/div>\n\t\t<\/div>\n\t\t\t\t<div class=\"elementor-column elementor-col-25 elementor-top-column elementor-element elementor-element-c853f99\" data-id=\"c853f99\" data-element_type=\"column\">\n\t\t\t<div class=\"elementor-widget-wrap elementor-element-populated\">\n\t\t\t\t\t\t\t\t<div class=\"elementor-element elementor-element-bbd1ddd elementor-widget elementor-widget-text-editor\" data-id=\"bbd1ddd\" data-element_type=\"widget\" data-widget_type=\"text-editor.default\">\n\t\t\t\t<div class=\"elementor-widget-container\">\n\t\t\t\t\t\t\t<p style=\"text-align: center;\"><span style=\"color: #ffff00; font-size: 12pt; font-family: arial, helvetica, sans-serif;\"><strong>SEDE INSTITUCIONAL<\/strong><\/span><\/p>\n<p><br><\/p>\t\t\t\t\t\t<\/div>\n\t\t\t\t<\/div>\n\t\t\t\t\t<\/div>\n\t\t<\/div>\n\t\t\t\t<div class=\"elementor-column elementor-col-25 elementor-top-column elementor-element elementor-element-2199fae\" data-id=\"2199fae\" data-element_type=\"column\">\n\t\t\t<div class=\"elementor-widget-wrap elementor-element-populated\">\n\t\t\t\t\t\t\t\t<div class=\"elementor-element elementor-element-0cb4809 elementor-widget elementor-widget-text-editor\" data-id=\"0cb4809\" data-element_type=\"widget\" data-widget_type=\"text-editor.default\">\n\t\t\t\t<div class=\"elementor-widget-container\">\n\t\t\t\t\t\t\t<p style=\"text-align: center;\"><span style=\"color: #ffff00;\"><strong><span style=\"font-family: arial, helvetica, sans-serif; font-size: 12pt;\">CONT\u00c1CTENOS<\/span><\/strong><\/span><\/p><p><strong><span style=\"font-family: arial, helvetica, sans-serif; font-size: 10pt; color: #ffffff;\">TORRES TORRES ROSAURA AURORA<\/span><\/strong><br \/><strong><span style=\"font-family: arial, helvetica, sans-serif; font-size: 10pt; color: #ffffff;\">Correo: rtorres@cetprofeyalegria61.edu.pe<\/span><\/strong><br \/><strong><span style=\"font-family: arial, helvetica, sans-serif; font-size: 10pt; color: #ffffff;\">Tel\u00e9fono: 994454392<\/span><\/strong><\/p>\t\t\t\t\t\t<\/div>\n\t\t\t\t<\/div>\n\t\t\t\t\t<\/div>\n\t\t<\/div>\n\t\t\t\t<div class=\"elementor-column elementor-col-25 elementor-top-column elementor-element elementor-element-edfdd20\" data-id=\"edfdd20\" data-element_type=\"column\">\n\t\t\t<div class=\"elementor-widget-wrap elementor-element-populated\">\n\t\t\t\t\t\t\t\t<div class=\"elementor-element elementor-element-c8ca323 elementor-widget elementor-widget-image\" data-id=\"c8ca323\" data-element_type=\"widget\" data-widget_type=\"image.default\">\n\t\t\t\t<div class=\"elementor-widget-container\">\n\t\t\t\t\t\t\t\t\t\t\t\t\t\t\t<img decoding=\"async\" width=\"148\" height=\"172\" src=\"https:\/\/cetprofeyalegria61.edu.pe\/wp-content\/uploads\/2022\/01\/geg.png\" class=\"attachment-large size-large wp-image-70\" alt=\"\" \/>\t\t\t\t\t\t\t\t\t\t\t\t\t\t\t<\/div>\n\t\t\t\t<\/div>\n\t\t\t\t\t<\/div>\n\t\t<\/div>\n\t\t\t\t\t\t\t<\/div>\n\t\t<\/section>\n\t\t\t\t\t\t\t<\/div>\n\t\t","protected":false},"excerpt":{"rendered":"<p>NUESTRA HISTORIA Se inici\u00f3 la obra educativa en Lima, dirigido por la congregaci\u00f3n de religiosas \u00bb Esclavas del Sagrado Coraz\u00f3n de Jes\u00fas\u00bb. La obra educativa de las Religiosas Esclavas del Sagrado Coraz\u00f3n de Jes\u00fas, cuya fundadora es Santa Rafaela Mar\u00eda del Sagrado Coraz\u00f3n de Jes\u00fas, se inicia en Arequipa-Per\u00fa el a\u00f1o 1922, atendiendo primero un &hellip;<\/p>\n<p class=\"read-more\"> <a class=\"\" href=\"https:\/\/cetprofeyalegria61.edu.pe\/index.php\/historia\/\"> <span class=\"screen-reader-text\">Historia<\/span> Read More &raquo;<\/a><\/p>\n","protected":false},"author":1,"featured_media":0,"parent":0,"menu_order":0,"comment_status":"closed","ping_status":"closed","template":"","meta":{"site-sidebar-layout":"no-sidebar","site-content-layout":"page-builder","ast-main-header-display":"","ast-hfb-above-header-display":"","ast-hfb-below-header-display":"","ast-hfb-mobile-header-display":"","site-post-title":"disabled","ast-breadcrumbs-content":"","ast-featured-img":"disabled","footer-sml-layout":"","theme-transparent-header-meta":"","adv-header-id-meta":"","stick-header-meta":"","header-above-stick-meta":"","header-main-stick-meta":"","header-below-stick-meta":"","footnotes":""},"class_list":["post-179","page","type-page","status-publish","hentry"],"_links":{"self":[{"href":"https:\/\/cetprofeyalegria61.edu.pe\/index.php\/wp-json\/wp\/v2\/pages\/179","targetHints":{"allow":["GET"]}}],"collection":[{"href":"https:\/\/cetprofeyalegria61.edu.pe\/index.php\/wp-json\/wp\/v2\/pages"}],"about":[{"href":"https:\/\/cetprofeyalegria61.edu.pe\/index.php\/wp-json\/wp\/v2\/types\/page"}],"author":[{"embeddable":true,"href":"https:\/\/cetprofeyalegria61.edu.pe\/index.php\/wp-json\/wp\/v2\/users\/1"}],"replies":[{"embeddable":true,"href":"https:\/\/cetprofeyalegria61.edu.pe\/index.php\/wp-json\/wp\/v2\/comments?post=179"}],"version-history":[{"count":68,"href":"https:\/\/cetprofeyalegria61.edu.pe\/index.php\/wp-json\/wp\/v2\/pages\/179\/revisions"}],"predecessor-version":[{"id":847,"href":"https:\/\/cetprofeyalegria61.edu.pe\/index.php\/wp-json\/wp\/v2\/pages\/179\/revisions\/847"}],"wp:attachment":[{"href":"https:\/\/cetprofeyalegria61.edu.pe\/index.php\/wp-json\/wp\/v2\/media?parent=179"}],"curies":[{"name":"wp","href":"https:\/\/api.w.org\/{rel}","templated":true}]}}