{"id":103,"date":"2022-01-24T17:54:42","date_gmt":"2022-01-24T17:54:42","guid":{"rendered":"https:\/\/cetprofeyalegria61.edu.pe\/?page_id=103"},"modified":"2025-08-25T05:50:03","modified_gmt":"2025-08-25T05:50:03","slug":"vision-y-mision","status":"publish","type":"page","link":"https:\/\/cetprofeyalegria61.edu.pe\/index.php\/vision-y-mision\/","title":{"rendered":"Visi\u00f3n y Misi\u00f3n"},"content":{"rendered":"\t\t<div data-elementor-type=\"wp-page\" data-elementor-id=\"103\" class=\"elementor elementor-103\">\n\t\t\t\t\t\t\t\t\t<section class=\"elementor-section elementor-top-section elementor-element elementor-element-25bd84ac elementor-section-content-middle elementor-section-boxed elementor-section-height-default elementor-section-height-default\" data-id=\"25bd84ac\" data-element_type=\"section\" data-settings=\"{&quot;background_background&quot;:&quot;classic&quot;}\">\n\t\t\t\t\t\t<div class=\"elementor-container elementor-column-gap-no\">\n\t\t\t\t\t<div class=\"elementor-column elementor-col-100 elementor-top-column elementor-element elementor-element-48bedab\" data-id=\"48bedab\" data-element_type=\"column\">\n\t\t\t<div class=\"elementor-widget-wrap\">\n\t\t\t\t\t\t\t\t\t<\/div>\n\t\t<\/div>\n\t\t\t\t\t\t\t<\/div>\n\t\t<\/section>\n\t\t\t\t<section class=\"elementor-section elementor-top-section elementor-element elementor-element-7b42d5e elementor-section-boxed elementor-section-height-default elementor-section-height-default\" data-id=\"7b42d5e\" data-element_type=\"section\">\n\t\t\t\t\t\t<div class=\"elementor-container elementor-column-gap-default\">\n\t\t\t\t\t<div class=\"elementor-column elementor-col-50 elementor-top-column elementor-element elementor-element-ba41811\" data-id=\"ba41811\" data-element_type=\"column\">\n\t\t\t<div class=\"elementor-widget-wrap elementor-element-populated\">\n\t\t\t\t\t\t\t\t<div class=\"elementor-element elementor-element-e6c51cb elementor-widget elementor-widget-heading\" data-id=\"e6c51cb\" data-element_type=\"widget\" data-widget_type=\"heading.default\">\n\t\t\t\t<div class=\"elementor-widget-container\">\n\t\t\t<style>\/*! elementor - v3.18.0 - 08-12-2023 *\/\n.elementor-heading-title{padding:0;margin:0;line-height:1}.elementor-widget-heading .elementor-heading-title[class*=elementor-size-]>a{color:inherit;font-size:inherit;line-height:inherit}.elementor-widget-heading .elementor-heading-title.elementor-size-small{font-size:15px}.elementor-widget-heading .elementor-heading-title.elementor-size-medium{font-size:19px}.elementor-widget-heading .elementor-heading-title.elementor-size-large{font-size:29px}.elementor-widget-heading .elementor-heading-title.elementor-size-xl{font-size:39px}.elementor-widget-heading .elementor-heading-title.elementor-size-xxl{font-size:59px}<\/style><h2 class=\"elementor-heading-title elementor-size-xxl\">VISI\u00d3N<\/h2>\t\t<\/div>\n\t\t\t\t<\/div>\n\t\t\t\t<div class=\"elementor-element elementor-element-520359df elementor-widget elementor-widget-text-editor\" data-id=\"520359df\" data-element_type=\"widget\" data-widget_type=\"text-editor.default\">\n\t\t\t\t<div class=\"elementor-widget-container\">\n\t\t\t<style>\/*! elementor - v3.18.0 - 08-12-2023 *\/\n.elementor-widget-text-editor.elementor-drop-cap-view-stacked .elementor-drop-cap{background-color:#69727d;color:#fff}.elementor-widget-text-editor.elementor-drop-cap-view-framed .elementor-drop-cap{color:#69727d;border:3px solid;background-color:transparent}.elementor-widget-text-editor:not(.elementor-drop-cap-view-default) .elementor-drop-cap{margin-top:8px}.elementor-widget-text-editor:not(.elementor-drop-cap-view-default) .elementor-drop-cap-letter{width:1em;height:1em}.elementor-widget-text-editor .elementor-drop-cap{float:left;text-align:center;line-height:1;font-size:50px}.elementor-widget-text-editor .elementor-drop-cap-letter{display:inline-block}<\/style>\t\t\t\t<p><span style=\"font-family: arial, helvetica, sans-serif; color: #000000;\">El CETPRO Fe y Alegr\u00eda 61 &#8211; Santa Rafaela Mar\u00eda se proyecta como una instituci\u00f3n l\u00edder en el \u00e1mbito de la formaci\u00f3n t\u00e9cnica popular de calidad en el distrito de Villa el Salvador. Cuenta para ello con moderna infraestructura y equipos, as\u00ed como con personal docente altamente capacitado. Nuestros egresados destacan por su formaci\u00f3n en valores cristianos, competencias laborales y empresariales de \u00e9xito y responden con creatividad e innovaci\u00f3n a las crecientes exigencias del mundo actual.<\/span><\/p>\t\t\t\t\t\t<\/div>\n\t\t\t\t<\/div>\n\t\t\t\t<div class=\"elementor-element elementor-element-ec527cb elementor-widget elementor-widget-image\" data-id=\"ec527cb\" data-element_type=\"widget\" data-widget_type=\"image.default\">\n\t\t\t\t<div class=\"elementor-widget-container\">\n\t\t\t<style>\/*! elementor - v3.18.0 - 08-12-2023 *\/\n.elementor-widget-image{text-align:center}.elementor-widget-image a{display:inline-block}.elementor-widget-image a img[src$=\".svg\"]{width:48px}.elementor-widget-image img{vertical-align:middle;display:inline-block}<\/style>\t\t\t\t\t\t\t\t\t\t\t\t<img fetchpriority=\"high\" decoding=\"async\" width=\"768\" height=\"512\" src=\"https:\/\/cetprofeyalegria61.edu.pe\/wp-content\/uploads\/2023\/06\/alumnos-1-768x512.jpg\" class=\"attachment-medium_large size-medium_large wp-image-309\" alt=\"\" srcset=\"https:\/\/cetprofeyalegria61.edu.pe\/wp-content\/uploads\/2023\/06\/alumnos-1-768x512.jpg 768w, https:\/\/cetprofeyalegria61.edu.pe\/wp-content\/uploads\/2023\/06\/alumnos-1-300x200.jpg 300w, https:\/\/cetprofeyalegria61.edu.pe\/wp-content\/uploads\/2023\/06\/alumnos-1-1024x683.jpg 1024w, https:\/\/cetprofeyalegria61.edu.pe\/wp-content\/uploads\/2023\/06\/alumnos-1-1536x1024.jpg 1536w, https:\/\/cetprofeyalegria61.edu.pe\/wp-content\/uploads\/2023\/06\/alumnos-1-2048x1365.jpg 2048w\" sizes=\"(max-width: 768px) 100vw, 768px\" \/>\t\t\t\t\t\t\t\t\t\t\t\t\t\t\t<\/div>\n\t\t\t\t<\/div>\n\t\t\t\t\t<\/div>\n\t\t<\/div>\n\t\t\t\t<div class=\"elementor-column elementor-col-50 elementor-top-column elementor-element elementor-element-7d6bfb4\" data-id=\"7d6bfb4\" data-element_type=\"column\">\n\t\t\t<div class=\"elementor-widget-wrap elementor-element-populated\">\n\t\t\t\t\t\t\t\t<div class=\"elementor-element elementor-element-70a5ff8 elementor-widget elementor-widget-heading\" data-id=\"70a5ff8\" data-element_type=\"widget\" data-widget_type=\"heading.default\">\n\t\t\t\t<div class=\"elementor-widget-container\">\n\t\t\t<h4 class=\"elementor-heading-title elementor-size-xxl\">MISI\u00d3N<\/h4>\t\t<\/div>\n\t\t\t\t<\/div>\n\t\t\t\t<div class=\"elementor-element elementor-element-5b05502 elementor-widget elementor-widget-text-editor\" data-id=\"5b05502\" data-element_type=\"widget\" data-widget_type=\"text-editor.default\">\n\t\t\t\t<div class=\"elementor-widget-container\">\n\t\t\t\t\t\t\t<p><span style=\"color: #000000; font-family: arial, helvetica, sans-serif; font-size: 12pt;\">El CETPRO Santa Rafaela Mar\u00eda &#8211; Fe y Alegr\u00eda 61, ofrece a j\u00f3venes y adultos de sectores populares, una formaci\u00f3n t\u00e9cnica de calidad, imbuida de valores cristianos con matiz eucar\u00edstico \u2013 reparador, que le conduzca a la plena realizaci\u00f3n personal, a trav\u00e9s de un trabajo digno, y los convierta en l\u00edderes sociales, promotores de justicia en el amor. Colabora as\u00ed al desarrollo sostenible, localidad, pa\u00eds y a la defensa y construcci\u00f3n de una cultura de paz.<\/span><\/p>\t\t\t\t\t\t<\/div>\n\t\t\t\t<\/div>\n\t\t\t\t<div class=\"elementor-element elementor-element-4b9baa2 elementor-widget elementor-widget-image\" data-id=\"4b9baa2\" data-element_type=\"widget\" data-widget_type=\"image.default\">\n\t\t\t\t<div class=\"elementor-widget-container\">\n\t\t\t\t\t\t\t\t\t\t\t\t\t\t\t<img decoding=\"async\" width=\"768\" height=\"512\" src=\"https:\/\/cetprofeyalegria61.edu.pe\/wp-content\/uploads\/2023\/06\/alumnos-2-768x512.jpg\" class=\"attachment-medium_large size-medium_large wp-image-310\" alt=\"\" srcset=\"https:\/\/cetprofeyalegria61.edu.pe\/wp-content\/uploads\/2023\/06\/alumnos-2-768x512.jpg 768w, https:\/\/cetprofeyalegria61.edu.pe\/wp-content\/uploads\/2023\/06\/alumnos-2-300x200.jpg 300w, https:\/\/cetprofeyalegria61.edu.pe\/wp-content\/uploads\/2023\/06\/alumnos-2-1024x683.jpg 1024w, https:\/\/cetprofeyalegria61.edu.pe\/wp-content\/uploads\/2023\/06\/alumnos-2-1536x1024.jpg 1536w, https:\/\/cetprofeyalegria61.edu.pe\/wp-content\/uploads\/2023\/06\/alumnos-2-2048x1365.jpg 2048w\" sizes=\"(max-width: 768px) 100vw, 768px\" \/>\t\t\t\t\t\t\t\t\t\t\t\t\t\t\t<\/div>\n\t\t\t\t<\/div>\n\t\t\t\t\t<\/div>\n\t\t<\/div>\n\t\t\t\t\t\t\t<\/div>\n\t\t<\/section>\n\t\t\t\t<section class=\"elementor-section elementor-top-section elementor-element elementor-element-c765954 elementor-section-content-middle elementor-section-boxed elementor-section-height-default elementor-section-height-default\" data-id=\"c765954\" data-element_type=\"section\" data-settings=\"{&quot;background_background&quot;:&quot;classic&quot;}\">\n\t\t\t\t\t\t<div class=\"elementor-container elementor-column-gap-no\">\n\t\t\t\t\t<div class=\"elementor-column elementor-col-100 elementor-top-column elementor-element elementor-element-575f07e\" data-id=\"575f07e\" data-element_type=\"column\">\n\t\t\t<div class=\"elementor-widget-wrap elementor-element-populated\">\n\t\t\t\t\t\t\t\t<div class=\"elementor-element elementor-element-8fc6d43 elementor-widget elementor-widget-heading\" data-id=\"8fc6d43\" data-element_type=\"widget\" data-widget_type=\"heading.default\">\n\t\t\t\t<div class=\"elementor-widget-container\">\n\t\t\t<h4 class=\"elementor-heading-title elementor-size-small\">VALORES<\/h4>\t\t<\/div>\n\t\t\t\t<\/div>\n\t\t\t\t<div class=\"elementor-element elementor-element-9858468 elementor-widget elementor-widget-text-editor\" data-id=\"9858468\" data-element_type=\"widget\" data-widget_type=\"text-editor.default\">\n\t\t\t\t<div class=\"elementor-widget-container\">\n\t\t\t\t\t\t\t<ol class=\"n8H08c BKnRcf\"><li class=\"TYR86d wXCUfe zfr3Q\" dir=\"ltr\"><p class=\"CDt4Ke zfr3Q\" dir=\"ltr\"><span style=\"color: #000000; font-family: arial, helvetica, sans-serif; font-size: 12pt;\"><strong>Fe.-<\/strong>\u00a0Confianza en Dios y la confianza en uno mismo para transformar el mundo. Expresa la fidelidad de lo que somos y lo que podemos dar a los dem\u00e1s a trav\u00e9s de nuestro servicio educativo.<\/span><\/p><\/li><li class=\"TYR86d wXCUfe zfr3Q\" dir=\"ltr\"><p class=\"CDt4Ke zfr3Q\" dir=\"ltr\"><span style=\"color: #000000; font-family: arial, helvetica, sans-serif; font-size: 12pt;\"><strong>Solidaridad.<\/strong>&#8211;\u00a0Cooperaci\u00f3n entre los miembros de la comunidad del Instituto. Compartimos nuestros conocimientos a trav\u00e9s de la proyecci\u00f3n social, tenemos compromiso con la comunidad y colaboraci\u00f3n mutua pensando en los dem\u00e1s.<\/span><\/p><\/li><li class=\"TYR86d wXCUfe zfr3Q\" dir=\"ltr\"><p class=\"CDt4Ke zfr3Q\" dir=\"ltr\"><span style=\"color: #000000; font-family: arial, helvetica, sans-serif; font-size: 12pt;\"><strong>Respeto.<\/strong>&#8211;\u00a0Reconocemos, aceptamos y nos acogemos unos a otros, respetando sus ideas, diferencias y derechos.<\/span><\/p><\/li><li class=\"TYR86d wXCUfe zfr3Q\" dir=\"ltr\"><p class=\"CDt4Ke zfr3Q\" dir=\"ltr\"><span style=\"color: #000000; font-family: arial, helvetica, sans-serif; font-size: 12pt;\"><strong>Responsabilidad<\/strong>.-\u00a0Cuidamos de nosotros mismos y de los dem\u00e1s, como personas \u00edntegras y como profesionales cumpliendo nuestros compromisos, asumiendo las consecuencias de nuestros actos.<\/span><\/p><\/li><\/ol>\t\t\t\t\t\t<\/div>\n\t\t\t\t<\/div>\n\t\t\t\t\t<\/div>\n\t\t<\/div>\n\t\t\t\t\t\t\t<\/div>\n\t\t<\/section>\n\t\t\t\t<section class=\"elementor-section elementor-top-section elementor-element elementor-element-a7a85e4 elementor-section-full_width elementor-section-height-default elementor-section-height-default\" data-id=\"a7a85e4\" data-element_type=\"section\" data-settings=\"{&quot;background_background&quot;:&quot;classic&quot;}\">\n\t\t\t\t\t\t<div class=\"elementor-container elementor-column-gap-default\">\n\t\t\t\t\t<div class=\"elementor-column elementor-col-25 elementor-top-column elementor-element elementor-element-2260811\" data-id=\"2260811\" data-element_type=\"column\">\n\t\t\t<div class=\"elementor-widget-wrap elementor-element-populated\">\n\t\t\t\t\t\t\t\t<div class=\"elementor-element elementor-element-bb0b057 elementor-widget elementor-widget-heading\" data-id=\"bb0b057\" data-element_type=\"widget\" data-widget_type=\"heading.default\">\n\t\t\t\t<div class=\"elementor-widget-container\">\n\t\t\t<h2 class=\"elementor-heading-title elementor-size-default\">\u00bfQUI\u00c9NES SOMOS?<\/h2>\t\t<\/div>\n\t\t\t\t<\/div>\n\t\t\t\t<div class=\"elementor-element elementor-element-b3cc9e2 elementor-widget elementor-widget-text-editor\" data-id=\"b3cc9e2\" data-element_type=\"widget\" data-widget_type=\"text-editor.default\">\n\t\t\t\t<div class=\"elementor-widget-container\">\n\t\t\t\t\t\t\t<p><span style=\"color: #ffffff; font-size: 10pt;\"><strong><span style=\"font-family: arial, helvetica, sans-serif;\">Somos una Instituci\u00f3n que brinda formaci\u00f3n integral en especialidades a personas vulnerables con habilidades emprendedoras, ofreciendo una educaci\u00f3n de calidad y en valores.<\/span><\/strong><\/span><\/p>\t\t\t\t\t\t<\/div>\n\t\t\t\t<\/div>\n\t\t\t\t\t<\/div>\n\t\t<\/div>\n\t\t\t\t<div class=\"elementor-column elementor-col-25 elementor-top-column elementor-element elementor-element-7417c1e\" data-id=\"7417c1e\" data-element_type=\"column\">\n\t\t\t<div class=\"elementor-widget-wrap elementor-element-populated\">\n\t\t\t\t\t\t\t\t<div class=\"elementor-element elementor-element-8cf07e6 elementor-widget elementor-widget-heading\" data-id=\"8cf07e6\" data-element_type=\"widget\" data-widget_type=\"heading.default\">\n\t\t\t\t<div class=\"elementor-widget-container\">\n\t\t\t<h2 class=\"elementor-heading-title elementor-size-default\">SEDE INSTITUCIONAL\n<\/h2>\t\t<\/div>\n\t\t\t\t<\/div>\n\t\t\t\t<div class=\"elementor-element elementor-element-531571c elementor-widget__width-initial elementor-widget elementor-widget-text-editor\" data-id=\"531571c\" data-element_type=\"widget\" data-widget_type=\"text-editor.default\">\n\t\t\t\t<div class=\"elementor-widget-container\">\n\t\t\t\t\t\t\t<p><strong><span style=\"font-family: arial, helvetica, sans-serif; font-size: 10pt; color: #ffffff;\">CETPRO FE Y ALEGRIA N\u00ba 61-SANTA MAR\u00cdA RAFAELA<\/span><\/strong><br \/><span style=\"color: #ffffff; font-family: arial, helvetica, sans-serif; font-size: 13.3333px; font-weight: bold;\">Av. Revoluci\u00f3n sector 3 grupo 15 \/ <\/span><span style=\"color: #ffffff; font-family: arial, helvetica, sans-serif; font-size: 10pt; font-weight: bold;\">https:\/\/cetprofeyalegria61.edu.pe\u00a0 \u00a0 \u00a0 \u00a0 \u00a0 \u00a0 <\/span><span style=\"color: #ffffff; font-family: arial, helvetica, sans-serif; font-size: 13.3333px; font-weight: bold;\">Tel\u00e9fono: 932316680<\/span><\/p><p><span style=\"color: #ffffff; font-family: arial, helvetica, sans-serif; font-size: 13.3333px; font-weight: bold;\">\u00a0<\/span><\/p><p>\u00a0<\/p>\t\t\t\t\t\t<\/div>\n\t\t\t\t<\/div>\n\t\t\t\t\t<\/div>\n\t\t<\/div>\n\t\t\t\t<div class=\"elementor-column elementor-col-25 elementor-top-column elementor-element elementor-element-ef64697\" data-id=\"ef64697\" data-element_type=\"column\">\n\t\t\t<div class=\"elementor-widget-wrap elementor-element-populated\">\n\t\t\t\t\t\t\t\t<div class=\"elementor-element elementor-element-785a866 elementor-widget elementor-widget-heading\" data-id=\"785a866\" data-element_type=\"widget\" data-widget_type=\"heading.default\">\n\t\t\t\t<div class=\"elementor-widget-container\">\n\t\t\t<h2 class=\"elementor-heading-title elementor-size-default\">CONT\u00c1CTENOS\n<\/h2>\t\t<\/div>\n\t\t\t\t<\/div>\n\t\t\t\t<div class=\"elementor-element elementor-element-212395a elementor-widget elementor-widget-text-editor\" data-id=\"212395a\" data-element_type=\"widget\" data-widget_type=\"text-editor.default\">\n\t\t\t\t<div class=\"elementor-widget-container\">\n\t\t\t\t\t\t\t<p><span style=\"color: #ffffff;\"><strong><span style=\"font-family: arial, helvetica, sans-serif; font-size: 10pt;\">TORRES TORRES ROSAURA AURORA<\/span><\/strong><\/span><br \/><span style=\"color: #ffffff;\"><strong><span style=\"font-family: arial, helvetica, sans-serif; font-size: 10pt;\">Correo: rtorres@cetprofeyalegria61.edu.pe<\/span><\/strong><\/span><br \/><span style=\"color: #ffffff;\"><strong><span style=\"font-family: arial, helvetica, sans-serif; font-size: 10pt;\">Tel\u00e9fono: 994454392<\/span><\/strong><\/span><\/p>\t\t\t\t\t\t<\/div>\n\t\t\t\t<\/div>\n\t\t\t\t\t<\/div>\n\t\t<\/div>\n\t\t\t\t<div class=\"elementor-column elementor-col-25 elementor-top-column elementor-element elementor-element-8f8c322\" data-id=\"8f8c322\" data-element_type=\"column\">\n\t\t\t<div class=\"elementor-widget-wrap\">\n\t\t\t\t\t\t\t\t\t<\/div>\n\t\t<\/div>\n\t\t\t\t\t\t\t<\/div>\n\t\t<\/section>\n\t\t\t\t\t\t\t<\/div>\n\t\t","protected":false},"excerpt":{"rendered":"<p>VISI\u00d3N El CETPRO Fe y Alegr\u00eda 61 &#8211; Santa Rafaela Mar\u00eda se proyecta como una instituci\u00f3n l\u00edder en el \u00e1mbito de la formaci\u00f3n t\u00e9cnica popular de calidad en el distrito de Villa el Salvador. Cuenta para ello con moderna infraestructura y equipos, as\u00ed como con personal docente altamente capacitado. Nuestros egresados destacan por su formaci\u00f3n &hellip;<\/p>\n<p class=\"read-more\"> <a class=\"\" href=\"https:\/\/cetprofeyalegria61.edu.pe\/index.php\/vision-y-mision\/\"> <span class=\"screen-reader-text\">Visi\u00f3n y Misi\u00f3n<\/span> Read More &raquo;<\/a><\/p>\n","protected":false},"author":1,"featured_media":0,"parent":0,"menu_order":0,"comment_status":"closed","ping_status":"closed","template":"","meta":{"site-sidebar-layout":"no-sidebar","site-content-layout":"page-builder","ast-main-header-display":"","ast-hfb-above-header-display":"","ast-hfb-below-header-display":"","ast-hfb-mobile-header-display":"","site-post-title":"disabled","ast-breadcrumbs-content":"","ast-featured-img":"disabled","footer-sml-layout":"","theme-transparent-header-meta":"","adv-header-id-meta":"","stick-header-meta":"","header-above-stick-meta":"","header-main-stick-meta":"","header-below-stick-meta":"","footnotes":""},"class_list":["post-103","page","type-page","status-publish","hentry"],"_links":{"self":[{"href":"https:\/\/cetprofeyalegria61.edu.pe\/index.php\/wp-json\/wp\/v2\/pages\/103","targetHints":{"allow":["GET"]}}],"collection":[{"href":"https:\/\/cetprofeyalegria61.edu.pe\/index.php\/wp-json\/wp\/v2\/pages"}],"about":[{"href":"https:\/\/cetprofeyalegria61.edu.pe\/index.php\/wp-json\/wp\/v2\/types\/page"}],"author":[{"embeddable":true,"href":"https:\/\/cetprofeyalegria61.edu.pe\/index.php\/wp-json\/wp\/v2\/users\/1"}],"replies":[{"embeddable":true,"href":"https:\/\/cetprofeyalegria61.edu.pe\/index.php\/wp-json\/wp\/v2\/comments?post=103"}],"version-history":[{"count":85,"href":"https:\/\/cetprofeyalegria61.edu.pe\/index.php\/wp-json\/wp\/v2\/pages\/103\/revisions"}],"predecessor-version":[{"id":915,"href":"https:\/\/cetprofeyalegria61.edu.pe\/index.php\/wp-json\/wp\/v2\/pages\/103\/revisions\/915"}],"wp:attachment":[{"href":"https:\/\/cetprofeyalegria61.edu.pe\/index.php\/wp-json\/wp\/v2\/media?parent=103"}],"curies":[{"name":"wp","href":"https:\/\/api.w.org\/{rel}","templated":true}]}}